{"id":13,"date":"2018-03-06T14:24:32","date_gmt":"2018-03-06T14:24:32","guid":{"rendered":"https:\/\/radyohld.com\/?page_id=13"},"modified":"2023-08-23T06:01:34","modified_gmt":"2023-08-23T06:01:34","slug":"iletisim","status":"publish","type":"page","link":"https:\/\/radyohld.com\/?page_id=13","title":{"rendered":"\u0130leti\u015fim"},"content":{"rendered":"\n<blockquote class=\"wp-block-quote is-layout-flow wp-block-quote-is-layout-flow\">\n<p><span style=\"color: #ff0000;\"><strong>Radyo H L D<\/strong><\/span><\/p>\n<\/blockquote>\n\n\n\n<p>Esen\u015fehir Mahallesi \u00c7elik Sokak NO:17 Yukar\u0131 Dudullu \/ \u00dcmraniye \/ \u0130STANBUL<br> Tel:0216 561 38 27&nbsp; Faks: 0216 311 55 17<br> email :radyohld@gmail.com&nbsp; webb: www.radyohld.com<\/p>\n","protected":false},"excerpt":{"rendered":"<p>Radyo H L D Esen\u015fehir Mahallesi \u00c7elik Sokak NO:17 Yukar\u0131 Dudullu \/ \u00dcmraniye \/ \u0130STANBUL Tel:0216 561 38 27&nbsp; Faks: 0216 311 55 17 email :radyohld@gmail.com&nbsp; webb: www.radyohld.com<\/p>\n","protected":false},"author":1,"featured_media":0,"parent":2,"menu_order":0,"comment_status":"closed","ping_status":"closed","template":"","meta":{"footnotes":""},"class_list":["post-13","page","type-page","status-publish","hentry"],"_links":{"self":[{"href":"https:\/\/radyohld.com\/index.php?rest_route=\/wp\/v2\/pages\/13","targetHints":{"allow":["GET"]}}],"collection":[{"href":"https:\/\/radyohld.com\/index.php?rest_route=\/wp\/v2\/pages"}],"about":[{"href":"https:\/\/radyohld.com\/index.php?rest_route=\/wp\/v2\/types\/page"}],"author":[{"embeddable":true,"href":"https:\/\/radyohld.com\/index.php?rest_route=\/wp\/v2\/users\/1"}],"replies":[{"embeddable":true,"href":"https:\/\/radyohld.com\/index.php?rest_route=%2Fwp%2Fv2%2Fcomments&post=13"}],"version-history":[{"count":6,"href":"https:\/\/radyohld.com\/index.php?rest_route=\/wp\/v2\/pages\/13\/revisions"}],"predecessor-version":[{"id":46,"href":"https:\/\/radyohld.com\/index.php?rest_route=\/wp\/v2\/pages\/13\/revisions\/46"}],"up":[{"embeddable":true,"href":"https:\/\/radyohld.com\/index.php?rest_route=\/wp\/v2\/pages\/2"}],"wp:attachment":[{"href":"https:\/\/radyohld.com\/index.php?rest_route=%2Fwp%2Fv2%2Fmedia&parent=13"}],"curies":[{"name":"wp","href":"https:\/\/api.w.org\/{rel}","templated":true}]}}